{"id":1643,"date":"2026-04-03T04:30:23","date_gmt":"2026-04-03T03:30:23","guid":{"rendered":"https:\/\/siampanoramic.com\/?page_id=1643"},"modified":"2026-04-03T04:30:23","modified_gmt":"2026-04-03T03:30:23","slug":"1643-2","status":"publish","type":"page","link":"https:\/\/siampanoramic.com\/en\/1643-2\/","title":{"rendered":""},"content":{"rendered":"<p>Notre engagement vers un tourisme responsable et durable, sous la supervision de Travelife Thailand.<\/p>\n<h2 data-path-to-node=\"1\">1. Responsabilit\u00e9 Environnementale<\/h2>\n<ul data-path-to-node=\"2\">\n<li>\n<p data-path-to-node=\"2,0,0\"><b data-path-to-node=\"2,0,0\" data-index-in-node=\"0\">Gestion des D\u00e9chets :<\/b> Nous nous engageons \u00e0 r\u00e9duire activement l&#8217;usage des plastiques \u00e0 usage unique et disposons d&#8217;un programme v\u00e9rifiable de recyclage ou de compostage.<\/p>\n<\/li>\n<li>\n<p data-path-to-node=\"2,1,0\"><b data-path-to-node=\"2,1,0\" data-index-in-node=\"0\">Efficacit\u00e9 des Ressources :<\/b> Nous nous engageons, avec nos partenaires, \u00e0 installer des \u00e9quipements \u00e9conomiseurs d&#8217;eau ainsi que des \u00e9clairages \u00e0 haute efficacit\u00e9 \u00e9nerg\u00e9tique (LED) ou des sources d&#8217;\u00e9nergie renouvelable.<\/p>\n<\/li>\n<li>\n<p data-path-to-node=\"2,2,0\"><b data-path-to-node=\"2,2,0\" data-index-in-node=\"0\">Biodiversit\u00e9 :<\/b> Aucune activit\u00e9 impliquant l&#8217;exploitation de la vie sauvage (ex: randonn\u00e9es \u00e0 dos d&#8217;\u00e9l\u00e9phant contraires \u00e0 l&#8217;\u00e9thique ou &#8220;zoos \u00e0 selfies&#8221;) ou la vente de flore et de faune prot\u00e9g\u00e9es n&#8217;est tol\u00e9r\u00e9e.<\/p>\n<\/li>\n<\/ul>\n<h2 data-path-to-node=\"3\">2. Normes Sociales et du Travail<\/h2>\n<ul data-path-to-node=\"4\">\n<li>\n<p data-path-to-node=\"4,0,0\"><b data-path-to-node=\"4,0,0\" data-index-in-node=\"0\">Salaires \u00c9quitables :<\/b> L&#8217;ensemble du personnel doit \u00eatre r\u00e9mun\u00e9r\u00e9 au moins au salaire minimum national, avec des horaires de travail d\u00e9cents et le paiement des heures suppl\u00e9mentaires.<\/p>\n<\/li>\n<li>\n<p data-path-to-node=\"4,1,0\"><b data-path-to-node=\"4,1,0\" data-index-in-node=\"0\">Recrutement Local :<\/b> La priorit\u00e9 doit \u00eatre donn\u00e9e aux r\u00e9sidents locaux afin de garantir que les revenus du tourisme profitent directement \u00e0 l&#8217;\u00e9conomie de proximit\u00e9.<\/p>\n<\/li>\n<li>\n<p data-path-to-node=\"4,2,0\"><b data-path-to-node=\"4,2,0\" data-index-in-node=\"0\">Protection de l&#8217;Enfance :<\/b> Adh\u00e9sion stricte au &#8220;Code&#8221; (the-code.org) pour pr\u00e9venir l&#8217;exploitation sexuelle des enfants dans le secteur du voyage et du tourisme.<\/p>\n<\/li>\n<\/ul>\n<h2 data-path-to-node=\"5\">3. Respect Culturel<\/h2>\n<ul data-path-to-node=\"6\">\n<li>\n<p data-path-to-node=\"6,0,0\"><b data-path-to-node=\"6,0,0\" data-index-in-node=\"0\">Pr\u00e9servation du Patrimoine :<\/b> Les activit\u00e9s ne doivent en aucun cas d\u00e9grader les sites historiques ni manquer de respect aux traditions tha\u00eflandaises et aux coutumes religieuses.<\/p>\n<\/li>\n<li>\n<p data-path-to-node=\"6,1,0\"><b data-path-to-node=\"6,1,0\" data-index-in-node=\"0\">Authenticit\u00e9 :<\/b> Valorisation des artisans et des produits locaux au d\u00e9triment des souvenirs import\u00e9s ou produits en s\u00e9rie.<\/p>\n<\/li>\n<\/ul>","protected":false},"excerpt":{"rendered":"<p>Notre engagement vers un tourisme responsable et durable, sous la supervision de Travelife Thailand. 1. Responsabilit\u00e9 Environnementale Gestion des D\u00e9chets : Nous nous engageons \u00e0 r\u00e9duire activement l&#8217;usage des plastiques [&hellip;]<\/p>","protected":false},"author":3,"featured_media":0,"parent":0,"menu_order":0,"comment_status":"closed","ping_status":"closed","template":"","meta":{"_acf_changed":false,"om_disable_all_campaigns":false,"_monsterinsights_skip_tracking":false,"_monsterinsights_sitenote_active":false,"_monsterinsights_sitenote_note":"","_monsterinsights_sitenote_category":0,"_joinchat":[],"footnotes":""},"class_list":["post-1643","page","type-page","status-publish","hentry"],"acf":[],"aioseo_notices":[],"_links":{"self":[{"href":"https:\/\/siampanoramic.com\/en\/wp-json\/wp\/v2\/pages\/1643","targetHints":{"allow":["GET"]}}],"collection":[{"href":"https:\/\/siampanoramic.com\/en\/wp-json\/wp\/v2\/pages"}],"about":[{"href":"https:\/\/siampanoramic.com\/en\/wp-json\/wp\/v2\/types\/page"}],"author":[{"embeddable":true,"href":"https:\/\/siampanoramic.com\/en\/wp-json\/wp\/v2\/users\/3"}],"replies":[{"embeddable":true,"href":"https:\/\/siampanoramic.com\/en\/wp-json\/wp\/v2\/comments?post=1643"}],"version-history":[{"count":1,"href":"https:\/\/siampanoramic.com\/en\/wp-json\/wp\/v2\/pages\/1643\/revisions"}],"predecessor-version":[{"id":1644,"href":"https:\/\/siampanoramic.com\/en\/wp-json\/wp\/v2\/pages\/1643\/revisions\/1644"}],"wp:attachment":[{"href":"https:\/\/siampanoramic.com\/en\/wp-json\/wp\/v2\/media?parent=1643"}],"curies":[{"name":"wp","href":"https:\/\/api.w.org\/{rel}","templated":true}]}}