{"id":395,"date":"2022-12-14T04:16:57","date_gmt":"2022-12-14T04:16:57","guid":{"rendered":"https:\/\/gaviaspreview.com\/wp\/gowilds\/?page_id=3"},"modified":"2025-03-14T12:47:40","modified_gmt":"2025-03-14T05:47:40","slug":"politique-de-confidentialite","status":"publish","type":"page","link":"https:\/\/siampanoramic.com\/en\/politique-de-confidentialite\/","title":{"rendered":"Privacy Policy"},"content":{"rendered":"<div data-elementor-type=\"wp-page\" data-elementor-id=\"395\" class=\"elementor elementor-395\" data-elementor-post-type=\"page\">\n\t\t\t\t\t\t<section class=\"elementor-section elementor-top-section elementor-element elementor-element-6d347d88 elementor-section-boxed elementor-section-height-default elementor-section-height-default\" data-id=\"6d347d88\" data-element_type=\"section\" data-e-type=\"section\" data-settings=\"{&quot;jet_parallax_layout_list&quot;:[]}\">\n\t\t\t\t\t\t<div class=\"elementor-container elementor-column-gap-default\">\n\t\t\t\t\t<div class=\"elementor-column elementor-col-100 elementor-top-column elementor-element elementor-element-a5bbd88\" data-id=\"a5bbd88\" data-element_type=\"column\" data-e-type=\"column\">\n\t\t\t<div class=\"elementor-widget-wrap elementor-element-populated\">\n\t\t\t\t\t\t<div class=\"elementor-element elementor-element-4472f5f2 elementor-widget elementor-widget-text-editor\" data-id=\"4472f5f2\" data-element_type=\"widget\" data-e-type=\"widget\" data-widget_type=\"text-editor.default\">\n\t\t\t\t<div class=\"elementor-widget-container\">\n\t\t\t\t\t\t\t\t\t<h4>1. Introduction<\/h4>\n<p>Welcome to <strong>Siampanoramic.com<\/strong>The protection of your personal data is a priority for us. This privacy policy explains what information we collect, how we use it, and your rights regarding data protection.<\/p>\n\n<h4>2. Data Collection<\/h4>\n<p>Nous collectons certaines informations lorsque vous utilisez notre site web, notamment lorsque vous :<\/p>\n<ul>\n    <li>Fill out a contact or quotation form<\/li>\n    <li>Sign up for our newsletter<\/li>\n    <li>Interact with our services or browse the website<\/li>\n<\/ul>\n<p>The information collected may include:<\/p>\n<ul>\n    <li>Your first and last name<\/li>\n    <li>Your email address and phone number<\/li>\n    <li>Any other information provided voluntarily<\/li>\n<\/ul>\n\n<h4>3. Use of Data<\/h4>\n<p>We use your personal data only for:<\/p>\n<ul>\n    <li>Responding to your requests and providing services<\/li>\n    <li>Improving our website and your user experience<\/li>\n    <li>Sending you updates and promotional offers if you have given your consent<\/li>\n<\/ul>\n<p><strong>We do not sell, rent, or share your information with third parties for commercial purposes.<\/strong><\/p>\n\n<h4>4. Data Retention and Security<\/h4>\n<p>Nous prenons des mesures de s\u00e9curit\u00e9 appropri\u00e9es pour prot\u00e9ger vos donn\u00e9es contre l&#8217;acc\u00e8s non autoris\u00e9, la perte ou la modification. Les donn\u00e9es sont conserv\u00e9es pour une dur\u00e9e conforme aux obligations l\u00e9gales et aux besoins de notre activit\u00e9.<\/p>\n\n<h4>5. Cookies and Tracking Technologies<\/h4>\n<p>Our site uses cookies to enhance your experience. You can configure your cookie preferences through your browser settings.<\/p>\n\n<h4>6. Your Rights<\/h4>\n<p>In accordance with applicable regulations (GDPR, Data Protection Act), you have the following rights:<\/p>\n<ul>\n    <li>Droit d&#8217;acc\u00e8s, de rectification et de suppression de vos donn\u00e9es<\/li>\n    <li>Droit d&#8217;opposition et de limitation du traitement<\/li>\n    <li>Right to data portability<\/li>\n<\/ul>\n<p>To exercise your rights, contact us at [your email address].<\/p>\n\n<h4>7. Changes to the Privacy Policy<\/h4>\n<p>We reserve the right to modify this policy at any time. Any updates will be published on this page.<\/p>\n\n<h4>8. Contact<\/h4>\n<p>If you have any questions regarding this policy, you can contact us at [your email address].<\/p>\n\n<p><strong>Last updated:<\/strong> 2026<\/p>\n\t\t\t\t\t\t\t\t<\/div>\n\t\t\t\t<\/div>\n\t\t\t\t\t<\/div>\n\t\t<\/div>\n\t\t\t\t\t<\/div>\n\t\t<\/section>\n\t\t\t\t<\/div>","protected":false},"excerpt":{"rendered":"<p>1. Introduction Bienvenue sur Siampanoramic.com. La protection de vos donn\u00e9es personnelles est une priorit\u00e9 pour nous. Cette politique de confidentialit\u00e9 explique quelles informations nous collectons, comment nous les utilisons et [&hellip;]<\/p>","protected":false},"author":1,"featured_media":1369,"parent":0,"menu_order":0,"comment_status":"closed","ping_status":"open","template":"","meta":{"_acf_changed":false,"om_disable_all_campaigns":false,"_monsterinsights_skip_tracking":false,"_monsterinsights_sitenote_active":false,"_monsterinsights_sitenote_note":"","_monsterinsights_sitenote_category":0,"_joinchat":[],"footnotes":""},"class_list":["post-395","page","type-page","status-publish","has-post-thumbnail","hentry"],"acf":[],"aioseo_notices":[],"_links":{"self":[{"href":"https:\/\/siampanoramic.com\/en\/wp-json\/wp\/v2\/pages\/395","targetHints":{"allow":["GET"]}}],"collection":[{"href":"https:\/\/siampanoramic.com\/en\/wp-json\/wp\/v2\/pages"}],"about":[{"href":"https:\/\/siampanoramic.com\/en\/wp-json\/wp\/v2\/types\/page"}],"author":[{"embeddable":true,"href":"https:\/\/siampanoramic.com\/en\/wp-json\/wp\/v2\/users\/1"}],"replies":[{"embeddable":true,"href":"https:\/\/siampanoramic.com\/en\/wp-json\/wp\/v2\/comments?post=395"}],"version-history":[{"count":4,"href":"https:\/\/siampanoramic.com\/en\/wp-json\/wp\/v2\/pages\/395\/revisions"}],"predecessor-version":[{"id":1368,"href":"https:\/\/siampanoramic.com\/en\/wp-json\/wp\/v2\/pages\/395\/revisions\/1368"}],"wp:featuredmedia":[{"embeddable":true,"href":"https:\/\/siampanoramic.com\/en\/wp-json\/wp\/v2\/media\/1369"}],"wp:attachment":[{"href":"https:\/\/siampanoramic.com\/en\/wp-json\/wp\/v2\/media?parent=395"}],"curies":[{"name":"wp","href":"https:\/\/api.w.org\/{rel}","templated":true}]}}