{"id":402,"date":"2022-12-19T02:27:31","date_gmt":"2022-12-19T02:27:31","guid":{"rendered":"https:\/\/gaviaspreview.com\/wp\/gowilds\/?page_id=13"},"modified":"2026-01-18T13:11:13","modified_gmt":"2026-01-18T06:11:13","slug":"voyage-solidaire-sud-thailande","status":"publish","type":"page","link":"https:\/\/siampanoramic.com\/en\/","title":{"rendered":"Index"},"content":{"rendered":"<div data-elementor-type=\"wp-page\" data-elementor-id=\"402\" class=\"elementor elementor-402\" data-elementor-post-type=\"page\">\n\t\t\t\t\t\t<section class=\"elementor-section elementor-top-section elementor-element elementor-element-a8ca48d elementor-section-full_width elementor-section-height-default elementor-section-height-default\" data-id=\"a8ca48d\" data-element_type=\"section\" data-e-type=\"section\" data-settings=\"{&quot;jet_parallax_layout_list&quot;:[]}\">\n\t\t\t\t\t\t<div class=\"elementor-container elementor-column-gap-default\">\n\t\t\t\t\t<div class=\"elementor-column elementor-col-100 elementor-top-column elementor-element elementor-element-160ad02\" data-id=\"160ad02\" data-element_type=\"column\" data-e-type=\"column\">\n\t\t\t<div class=\"elementor-widget-wrap elementor-element-populated\">\n\t\t\t\t\t\t<div class=\"elementor-element elementor-element-e7cd94c elementor-widget elementor-widget-spacer\" data-id=\"e7cd94c\" data-element_type=\"widget\" data-e-type=\"widget\" data-widget_type=\"spacer.default\">\n\t\t\t\t<div class=\"elementor-widget-container\">\n\t\t\t\t\t\t\t<div class=\"elementor-spacer\">\n\t\t\t<div class=\"elementor-spacer-inner\"><\/div>\n\t\t<\/div>\n\t\t\t\t\t\t<\/div>\n\t\t\t\t<\/div>\n\t\t\t\t\t<\/div>\n\t\t<\/div>\n\t\t\t\t\t<\/div>\n\t\t<\/section>\n\t\t\t\t<section class=\"elementor-section elementor-top-section elementor-element elementor-element-ac7bfa6 elementor-section-full_width elementor-section-height-default elementor-section-height-default\" data-id=\"ac7bfa6\" data-element_type=\"section\" data-e-type=\"section\" data-settings=\"{&quot;jet_parallax_layout_list&quot;:[]}\">\n\t\t\t\t\t\t<div class=\"elementor-container elementor-column-gap-default\">\n\t\t\t\t\t<div class=\"elementor-column elementor-col-100 elementor-top-column elementor-element elementor-element-dfd9b52\" data-id=\"dfd9b52\" data-element_type=\"column\" data-e-type=\"column\">\n\t\t\t<div class=\"elementor-widget-wrap elementor-element-populated\">\n\t\t\t\t\t\t<div class=\"elementor-element elementor-element-5089b74 elementor-widget elementor-widget-heading\" data-id=\"5089b74\" data-element_type=\"widget\" data-e-type=\"widget\" data-widget_type=\"heading.default\">\n\t\t\t\t<div class=\"elementor-widget-container\">\n\t\t\t\t\t<h2 class=\"elementor-heading-title elementor-size-default\">Nos programmes et circuits en privatif<\/h2>\t\t\t\t<\/div>\n\t\t\t\t<\/div>\n\t\t\t\t<div data-premium-element-link=\"{&quot;type&quot;:&quot;url&quot;,&quot;link&quot;:{&quot;url&quot;:&quot;https:\\\/\\\/siampanoramic.com\\\/en\\\/&quot;,&quot;is_external&quot;:&quot;&quot;,&quot;nofollow&quot;:&quot;&quot;,&quot;custom_attributes&quot;:&quot;&quot;},&quot;href&quot;:&quot;https:\\\/\\\/siampanoramic.com\\\/en\\\/&quot;}\" style=\"cursor: pointer\" class=\"elementor-element elementor-element-ecfff09 premium-wrapper-link-yes elementor-widget elementor-widget-jet-posts\" data-id=\"ecfff09\" data-element_type=\"widget\" data-e-type=\"widget\" data-settings=\"{&quot;columns&quot;:3,&quot;slides_to_scroll&quot;:&quot;1&quot;}\" data-widget_type=\"jet-posts.default\">\n\t\t\t\t<div class=\"elementor-widget-container\">\n\t\t\t\t\t<div class=\"elementor-jet-posts jet-elements\"><div class=\"jet-carousel elementor-slick-slider\" data-slider_options=\"{&quot;autoplaySpeed&quot;:5000,&quot;autoplay&quot;:true,&quot;infinite&quot;:true,&quot;pauseOnHover&quot;:false,&quot;speed&quot;:500,&quot;arrows&quot;:true,&quot;dots&quot;:false,&quot;slidesToScroll&quot;:1,&quot;prevArrow&quot;:&quot;.jet-posts__prev-arrow-ecfff09&quot;,&quot;nextArrow&quot;:&quot;.jet-posts__next-arrow-ecfff09&quot;,&quot;rtl&quot;:false}\" dir=\"ltr\"><div class=\"jet-posts col-row disable-cols-gap disable-rows-gap jet-equal-cols\"><div class=\"jet-posts__prev-arrow-ecfff09 jet-arrow prev-arrow\"><i aria-hidden=\"true\" class=\"fas fa-angle-left\"><\/i><\/div><div class=\"jet-posts__next-arrow-ecfff09 jet-arrow next-arrow\"><i aria-hidden=\"true\" class=\"fas fa-angle-right\"><\/i><\/div><div class=\"jet-posts__item\">\n\t<div class=\"jet-posts__inner-box\" style=\"background-image: url('https:\/\/siampanoramic.com\/wp-content\/uploads\/2026\/01\/khanom-1.jpg'); background-repeat: no-repeat; background-size: cover; background-position: center center;\"><div class=\"jet-posts__inner-content\"><h4 class=\"entry-title\"><a href=\"https:\/\/siampanoramic.com\/en\/tours-prives\/khanom-le-secret-le-mieux-garde-du-sud-de-la-thailande\/\" target=\"\">Khanom : Le secret le mieux gard\u00e9 du Sud de la Tha\u00eflande<\/a><\/h4><\/div><\/div>\n<\/div>\n<div class=\"jet-posts__item\">\n\t<div class=\"jet-posts__inner-box\" style=\"background-image: url('https:\/\/siampanoramic.com\/wp-content\/uploads\/2026\/01\/COFFEE-FARMERS.jpg'); background-repeat: no-repeat; background-size: cover; background-position: center center;\"><div class=\"jet-posts__inner-content\"><h4 class=\"entry-title\"><a href=\"https:\/\/siampanoramic.com\/en\/tours-prives\/slow-travel-terre-de-partage-dans-le-sud-de-la-thailande-en-8-jours-et-7-nuits\/\" target=\"\">Slow Travel - Terre de partage dans le Sud de la Thailande<\/a><\/h4><\/div><\/div>\n<\/div>\n<div class=\"jet-posts__item\">\n\t<div class=\"jet-posts__inner-box\" style=\"background-image: url('https:\/\/siampanoramic.com\/wp-content\/uploads\/2025\/03\/krabi_beach.jpg'); background-repeat: no-repeat; background-size: cover; background-position: center center;\"><div class=\"jet-posts__inner-content\"><h4 class=\"entry-title\"><a href=\"https:\/\/siampanoramic.com\/en\/tours-prives\/de-bangkok-au-royaume-de-lanna-et-sejour-a-krabi\/\" target=\"\">From Bangkok to the Kingdom of Lanna and a stay in Krabi<\/a><\/h4><\/div><\/div>\n<\/div>\n<div class=\"jet-posts__item\">\n\t<div class=\"jet-posts__inner-box\" style=\"background-image: url('https:\/\/siampanoramic.com\/wp-content\/uploads\/2025\/03\/Khaosok.jpg'); background-repeat: no-repeat; background-size: cover; background-position: center center;\"><div class=\"jet-posts__inner-content\"><h4 class=\"entry-title\"><a href=\"https:\/\/siampanoramic.com\/en\/tours-prives\/tresors-du-sud-de-la-thailande-et-le-pont-de-la-riviere-kwai\/\" target=\"\">Southern Treasures Tour with Krabi Extension<\/a><\/h4><\/div><\/div>\n<\/div>\n<div class=\"jet-posts__item\">\n\t<div class=\"jet-posts__inner-box\" style=\"background-image: url('https:\/\/siampanoramic.com\/wp-content\/uploads\/2025\/03\/phuket-1.jpg'); background-repeat: no-repeat; background-size: cover; background-position: center center;\"><div class=\"jet-posts__inner-content\"><h4 class=\"entry-title\"><a href=\"https:\/\/siampanoramic.com\/en\/tours-prives\/beaute-des-iles-du-sud\/\" target=\"\">Beauty of the Southern Islands<\/a><\/h4><\/div><\/div>\n<\/div>\n<div class=\"jet-posts__item\">\n\t<div class=\"jet-posts__inner-box\" style=\"background-image: url('https:\/\/siampanoramic.com\/wp-content\/uploads\/2025\/03\/2025-02-14_160512.jpg'); background-repeat: no-repeat; background-size: cover; background-position: center center;\"><div class=\"jet-posts__inner-content\"><h4 class=\"entry-title\"><a href=\"https:\/\/siampanoramic.com\/en\/tours-prives\/de-bangkok-au-royaume-de-lanna\/\" target=\"\">From Bangkok to the Kingdom of Lanna<\/a><\/h4><\/div><\/div>\n<\/div>\n<div class=\"jet-posts__item\">\n\t<div class=\"jet-posts__inner-box\" style=\"background-image: url('https:\/\/siampanoramic.com\/wp-content\/uploads\/2025\/03\/sukhothai-historical-park-1924568_1280.jpg'); background-repeat: no-repeat; background-size: cover; background-position: center center;\"><div class=\"jet-posts__inner-content\"><h4 class=\"entry-title\"><a href=\"https:\/\/siampanoramic.com\/en\/tours-prives\/essentielle-thailande\/\" target=\"\">Essential Thailand<\/a><\/h4><\/div><\/div>\n<\/div>\n<div class=\"jet-posts__item\">\n\t<div class=\"jet-posts__inner-box\" style=\"background-image: url('https:\/\/siampanoramic.com\/wp-content\/uploads\/2025\/03\/river_kwai.jpg'); background-repeat: no-repeat; background-size: cover; background-position: center center;\"><div class=\"jet-posts__inner-content\"><h4 class=\"entry-title\"><a href=\"https:\/\/siampanoramic.com\/en\/tours-prives\/bangkok-et-kanchanaburi-avec-visite-ethique-des-elephants\/\" target=\"\">Bangkok and Kanchanaburi with Ethical Elephant Visit<\/a><\/h4><\/div><\/div>\n<\/div>\n<\/div>\n<\/div><\/div>\t\t\t\t<\/div>\n\t\t\t\t<\/div>\n\t\t\t\t\t<\/div>\n\t\t<\/div>\n\t\t\t\t\t<\/div>\n\t\t<\/section>\n\t\t\t\t<\/div>","protected":false},"excerpt":{"rendered":"<p>Siam Panoramic, votre agence de voyage en Tha\u00eflande depuis 1996, sp\u00e9cialiste des circuits priv\u00e9s et sur mesure. D\u00e9couvrez la Tha\u00eflande avec nos guides experts, en toute s\u00e9r\u00e9nit\u00e9 et authenticit\u00e9.<\/p>","protected":false},"author":1,"featured_media":0,"parent":0,"menu_order":0,"comment_status":"closed","ping_status":"closed","template":"","meta":{"_acf_changed":false,"om_disable_all_campaigns":false,"_monsterinsights_skip_tracking":false,"_monsterinsights_sitenote_active":false,"_monsterinsights_sitenote_note":"","_monsterinsights_sitenote_category":0,"_joinchat":[],"footnotes":""},"class_list":["post-402","page","type-page","status-publish","hentry"],"acf":[],"aioseo_notices":[],"_links":{"self":[{"href":"https:\/\/siampanoramic.com\/en\/wp-json\/wp\/v2\/pages\/402","targetHints":{"allow":["GET"]}}],"collection":[{"href":"https:\/\/siampanoramic.com\/en\/wp-json\/wp\/v2\/pages"}],"about":[{"href":"https:\/\/siampanoramic.com\/en\/wp-json\/wp\/v2\/types\/page"}],"author":[{"embeddable":true,"href":"https:\/\/siampanoramic.com\/en\/wp-json\/wp\/v2\/users\/1"}],"replies":[{"embeddable":true,"href":"https:\/\/siampanoramic.com\/en\/wp-json\/wp\/v2\/comments?post=402"}],"version-history":[{"count":53,"href":"https:\/\/siampanoramic.com\/en\/wp-json\/wp\/v2\/pages\/402\/revisions"}],"predecessor-version":[{"id":1562,"href":"https:\/\/siampanoramic.com\/en\/wp-json\/wp\/v2\/pages\/402\/revisions\/1562"}],"wp:attachment":[{"href":"https:\/\/siampanoramic.com\/en\/wp-json\/wp\/v2\/media?parent=402"}],"curies":[{"name":"wp","href":"https:\/\/api.w.org\/{rel}","templated":true}]}}