{"id":846,"date":"2025-03-08T10:41:10","date_gmt":"2025-03-08T03:41:10","guid":{"rendered":"https:\/\/siampanoramic.com\/?page_id=846"},"modified":"2025-03-14T10:05:18","modified_gmt":"2025-03-14T03:05:18","slug":"devis-gratuit","status":"publish","type":"page","link":"https:\/\/siampanoramic.com\/en\/devis-gratuit\/","title":{"rendered":"Free quote"},"content":{"rendered":"<div data-elementor-type=\"wp-page\" data-elementor-id=\"846\" class=\"elementor elementor-846\" data-elementor-post-type=\"page\">\n\t\t\t\t\t\t<section class=\"elementor-section elementor-top-section elementor-element elementor-element-32185d4 elementor-section-boxed elementor-section-height-default elementor-section-height-default\" data-id=\"32185d4\" data-element_type=\"section\" data-settings=\"{&quot;jet_parallax_layout_list&quot;:[]}\">\n\t\t\t\t\t\t<div class=\"elementor-container elementor-column-gap-default\">\n\t\t\t\t\t<div class=\"elementor-column elementor-col-100 elementor-top-column elementor-element elementor-element-0490f1c\" data-id=\"0490f1c\" data-element_type=\"column\">\n\t\t\t<div class=\"elementor-widget-wrap elementor-element-populated\">\n\t\t\t\t\t\t<section class=\"elementor-section elementor-inner-section elementor-element elementor-element-44dd982 elementor-section-boxed elementor-section-height-default elementor-section-height-default\" data-id=\"44dd982\" data-element_type=\"section\" data-settings=\"{&quot;jet_parallax_layout_list&quot;:[]}\">\n\t\t\t\t\t\t<div class=\"elementor-container elementor-column-gap-no\">\n\t\t\t\t\t<div class=\"elementor-column elementor-col-33 elementor-inner-column elementor-element elementor-element-8324dd6\" data-id=\"8324dd6\" data-element_type=\"column\">\n\t\t\t<div class=\"elementor-widget-wrap\">\n\t\t\t\t\t\t\t<\/div>\n\t\t<\/div>\n\t\t\t\t<div class=\"elementor-column elementor-col-33 elementor-inner-column elementor-element elementor-element-bfc8408\" data-id=\"bfc8408\" data-element_type=\"column\">\n\t\t\t<div class=\"elementor-widget-wrap elementor-element-populated\">\n\t\t\t\t\t\t<div class=\"elementor-element elementor-element-575f6c6 elementor-widget elementor-widget-heading\" data-id=\"575f6c6\" data-element_type=\"widget\" data-widget_type=\"heading.default\">\n\t\t\t\t<div class=\"elementor-widget-container\">\n\t\t\t\t\t<h2 class=\"elementor-heading-title elementor-size-default\">We create tailor-made trips for you.<\/h2>\t\t\t\t<\/div>\n\t\t\t\t<\/div>\n\t\t\t\t<div class=\"elementor-element elementor-element-56d5ba8 elementor-widget elementor-widget-text-editor\" data-id=\"56d5ba8\" data-element_type=\"widget\" data-widget_type=\"text-editor.default\">\n\t\t\t\t<div class=\"elementor-widget-container\">\n\t\t\t\t\t\t\t\t\t<p>Plan your trip with ease! Fill out the form below with your preferences and receive a free quote for a tailor-made stay. We do everything possible to create a trip perfectly suited to your desires and needs.<\/p>\t\t\t\t\t\t\t\t<\/div>\n\t\t\t\t<\/div>\n\t\t\t\t\t<\/div>\n\t\t<\/div>\n\t\t\t\t<div class=\"elementor-column elementor-col-33 elementor-inner-column elementor-element elementor-element-00f81ed\" data-id=\"00f81ed\" data-element_type=\"column\">\n\t\t\t<div class=\"elementor-widget-wrap\">\n\t\t\t\t\t\t\t<\/div>\n\t\t<\/div>\n\t\t\t\t\t<\/div>\n\t\t<\/section>\n\t\t\t\t\t<\/div>\n\t\t<\/div>\n\t\t\t\t\t<\/div>\n\t\t<\/section>\n\t\t\t\t<section class=\"elementor-section elementor-top-section elementor-element elementor-element-6361e5f elementor-section-boxed elementor-section-height-default elementor-section-height-default\" data-id=\"6361e5f\" data-element_type=\"section\" data-settings=\"{&quot;jet_parallax_layout_list&quot;:[]}\">\n\t\t\t\t\t\t<div class=\"elementor-container elementor-column-gap-default\">\n\t\t\t\t\t<div class=\"elementor-column elementor-col-33 elementor-top-column elementor-element elementor-element-64eeb8c\" data-id=\"64eeb8c\" data-element_type=\"column\">\n\t\t\t<div class=\"elementor-widget-wrap\">\n\t\t\t\t\t\t\t<\/div>\n\t\t<\/div>\n\t\t\t\t<div class=\"elementor-column elementor-col-33 elementor-top-column elementor-element elementor-element-33a8508\" data-id=\"33a8508\" data-element_type=\"column\">\n\t\t\t<div class=\"elementor-widget-wrap elementor-element-populated\">\n\t\t\t\t\t\t<div class=\"elementor-element elementor-element-a60651d elementor-button-align-start elementor-widget elementor-widget-form\" data-id=\"a60651d\" data-element_type=\"widget\" data-settings=\"{&quot;step_next_label&quot;:&quot;Next&quot;,&quot;step_previous_label&quot;:&quot;Previous&quot;,&quot;button_width&quot;:&quot;30&quot;,&quot;step_type&quot;:&quot;number_text&quot;,&quot;step_icon_shape&quot;:&quot;circle&quot;}\" data-widget_type=\"form.default\">\n\t\t\t\t<div class=\"elementor-widget-container\">\n\t\t\t\t\t\t\t<form class=\"elementor-form\" method=\"post\" id=\"form_enquiry\" name=\"Enquiry\" action=\"\">\n\t\t\t<input type=\"hidden\" name=\"post_id\" value=\"846\"\/>\n\t\t\t<input type=\"hidden\" name=\"form_id\" value=\"a60651d\"\/>\n\t\t\t<input type=\"hidden\" name=\"referer_title\" value=\"\" \/>\n\n\t\t\t\n\t\t\t<div class=\"elementor-form-fields-wrapper elementor-labels-above\">\n\t\t\t\t\t\t\t\t<div class=\"elementor-field-type-date elementor-field-group elementor-column elementor-field-group-sel_date elementor-col-25 elementor-field-required elementor-mark-required\">\n\t\t\t\t\t\t\t\t\t\t\t\t<label for=\"form-field-sel_date\" class=\"elementor-field-label\">\n\t\t\t\t\t\t\t\t<i class=\"fas fa-calendar-alt\" style=\"font-size: 18px;\"><\/i> Travel date\t\t\t\t\t\t\t<\/label>\n\t\t\t\t\t\t\n\t\t<input type=\"date\" name=\"form_fields[sel_date]\" id=\"form-field-sel_date\" class=\"elementor-field elementor-size-sm  elementor-field-textual elementor-date-field\" placeholder=\"2026-04-15\" required=\"required\" pattern=\"[0-9]{4}-[0-9]{2}-[0-9]{2}\">\n\t\t\t\t\t\t<\/div>\n\t\t\t\t\t\t\t\t<div class=\"elementor-field-type-select elementor-field-group elementor-column elementor-field-group-sel_numberoftraveller elementor-col-25\">\n\t\t\t\t\t\t\t\t\t\t\t\t<label for=\"form-field-sel_numberoftraveller\" class=\"elementor-field-label\">\n\t\t\t\t\t\t\t\t<i class=\"fas fa-users\" style=\"font-size: 18px;\"><\/i> Number of travelers \t\t\t\t\t\t\t<\/label>\n\t\t\t\t\t\t\t\t<div class=\"elementor-field elementor-select-wrapper remove-before\">\n\t\t\t<div class=\"select-caret-down-wrapper\">\n\t\t\t\t<i aria-hidden=\"true\" class=\"eicon-caret-down\"><\/i>\t\t\t<\/div>\n\t\t\t<select name=\"form_fields[sel_numberoftraveller]\" id=\"form-field-sel_numberoftraveller\" class=\"elementor-field-textual elementor-size-sm\">\n\t\t\t\t\t\t\t\t\t<option value=\"\">--<\/option>\n\t\t\t\t\t\t\t\t\t<option value=\"1 Personne\">1 Person<\/option>\n\t\t\t\t\t\t\t\t\t<option value=\"2 Personnes\">2 People<\/option>\n\t\t\t\t\t\t\t\t\t<option value=\"3 Personnes\">3 People<\/option>\n\t\t\t\t\t\t\t\t\t<option value=\"4 Personnes\">4 People<\/option>\n\t\t\t\t\t\t\t\t\t<option value=\"5 Personnes\">5 People<\/option>\n\t\t\t\t\t\t\t\t\t<option value=\"6 Personnes\">6 People<\/option>\n\t\t\t\t\t\t\t\t\t<option value=\"7 Personnes\">7 People<\/option>\n\t\t\t\t\t\t\t\t\t<option value=\"8 Personnes\">8 People<\/option>\n\t\t\t\t\t\t\t\t\t<option value=\"9 Personnes\">9 People<\/option>\n\t\t\t\t\t\t\t\t\t<option value=\"10+ Personnes\">10 people or more<\/option>\n\t\t\t\t\t\t\t<\/select>\n\t\t<\/div>\n\t\t\t\t\t\t<\/div>\n\t\t\t\t\t\t\t\t<div class=\"elementor-field-type-select elementor-field-group elementor-column elementor-field-group-sel_duration elementor-col-25\">\n\t\t\t\t\t\t\t\t\t\t\t\t<label for=\"form-field-sel_duration\" class=\"elementor-field-label\">\n\t\t\t\t\t\t\t\t<i class=\"fas fa-hourglass-half\" style=\"font-size: 18px;\"><\/i> Trip duration\t\t\t\t\t\t\t<\/label>\n\t\t\t\t\t\t\t\t<div class=\"elementor-field elementor-select-wrapper remove-before\">\n\t\t\t<div class=\"select-caret-down-wrapper\">\n\t\t\t\t<i aria-hidden=\"true\" class=\"eicon-caret-down\"><\/i>\t\t\t<\/div>\n\t\t\t<select name=\"form_fields[sel_duration]\" id=\"form-field-sel_duration\" class=\"elementor-field-textual elementor-size-sm\">\n\t\t\t\t\t\t\t\t\t<option value=\"\">--<\/option>\n\t\t\t\t\t\t\t\t\t<option value=\"Non sp\u00e9cifi\u00e9\">Not specified<\/option>\n\t\t\t\t\t\t\t\t\t<option value=\"3-5 jours\">3-5 days<\/option>\n\t\t\t\t\t\t\t\t\t<option value=\"6-8 jours\">6-8 days<\/option>\n\t\t\t\t\t\t\t\t\t<option value=\"9-11 jours\">9-11 days<\/option>\n\t\t\t\t\t\t\t\t\t<option value=\"12-16 jours\">12-16 days<\/option>\n\t\t\t\t\t\t\t\t\t<option value=\"16 jours ou plus\">16 days or more<\/option>\n\t\t\t\t\t\t\t<\/select>\n\t\t<\/div>\n\t\t\t\t\t\t<\/div>\n\t\t\t\t\t\t\t\t<div class=\"elementor-field-type-select elementor-field-group elementor-column elementor-field-group-sel_hotelclass elementor-col-25 elementor-field-required elementor-mark-required\">\n\t\t\t\t\t\t\t\t\t\t\t\t<label for=\"form-field-sel_hotelclass\" class=\"elementor-field-label\">\n\t\t\t\t\t\t\t\t<i class=\"fas fa-star\" style=\"font-size: 18px;\"><\/i> Hotel class\t\t\t\t\t\t\t<\/label>\n\t\t\t\t\t\t\t\t<div class=\"elementor-field elementor-select-wrapper remove-before\">\n\t\t\t<div class=\"select-caret-down-wrapper\">\n\t\t\t\t<i aria-hidden=\"true\" class=\"eicon-caret-down\"><\/i>\t\t\t<\/div>\n\t\t\t<select name=\"form_fields[sel_hotelclass]\" id=\"form-field-sel_hotelclass\" class=\"elementor-field-textual elementor-size-sm\" required=\"required\">\n\t\t\t\t\t\t\t\t\t<option value=\"\">--<\/option>\n\t\t\t\t\t\t\t\t\t<option value=\"H\u00f4tel 3 \u00e9toiles\">3 \u2b50\u2b50\u2b50<\/option>\n\t\t\t\t\t\t\t\t\t<option value=\"H\u00f4tel 4 \u00e9toiles\">4 \u2b50\u2b50\u2b50\u2b50<\/option>\n\t\t\t\t\t\t\t\t\t<option value=\"H\u00f4tel 5 \u00e9toiles\">5 \u2b50\u2b50\u2b50\u2b50\u2b50<\/option>\n\t\t\t\t\t\t\t<\/select>\n\t\t<\/div>\n\t\t\t\t\t\t<\/div>\n\t\t\t\t\t\t\t\t<div class=\"elementor-field-type-text elementor-field-group elementor-column elementor-field-group-txt_fullname elementor-col-100 elementor-field-required elementor-mark-required\">\n\t\t\t\t\t\t\t\t\t\t\t\t<label for=\"form-field-txt_fullname\" class=\"elementor-field-label\">\n\t\t\t\t\t\t\t\tFull name\t\t\t\t\t\t\t<\/label>\n\t\t\t\t\t\t\t\t\t\t\t\t\t\t<input size=\"1\" type=\"text\" name=\"form_fields[txt_fullname]\" id=\"form-field-txt_fullname\" class=\"elementor-field elementor-size-sm  elementor-field-textual\" placeholder=\"Name\" required=\"required\">\n\t\t\t\t\t\t\t\t\t\t\t<\/div>\n\t\t\t\t\t\t\t\t<div class=\"elementor-field-type-email elementor-field-group elementor-column elementor-field-group-txt_email elementor-col-100 elementor-field-required elementor-mark-required\">\n\t\t\t\t\t\t\t\t\t\t\t\t<label for=\"form-field-txt_email\" class=\"elementor-field-label\">\n\t\t\t\t\t\t\t\tEmail address\t\t\t\t\t\t\t<\/label>\n\t\t\t\t\t\t\t\t\t\t\t\t\t\t<input size=\"1\" type=\"email\" name=\"form_fields[txt_email]\" id=\"form-field-txt_email\" class=\"elementor-field elementor-size-sm  elementor-field-textual\" placeholder=\"Enter a valid email address\" required=\"required\">\n\t\t\t\t\t\t\t\t\t\t\t<\/div>\n\t\t\t\t\t\t\t\t<div class=\"elementor-field-type-tel elementor-field-group elementor-column elementor-field-group-txt_telephone elementor-col-100\">\n\t\t\t\t\t\t\t\t\t\t\t\t<label for=\"form-field-txt_telephone\" class=\"elementor-field-label\">\n\t\t\t\t\t\t\t\tTelephone\t\t\t\t\t\t\t<\/label>\n\t\t\t\t\t\t\t\t<input size=\"1\" type=\"tel\" name=\"form_fields[txt_telephone]\" id=\"form-field-txt_telephone\" class=\"elementor-field elementor-size-sm  elementor-field-textual\" pattern=\"[0-9()#&amp;+*-=.]+\" title=\"Only numbers and phone characters (#, -, *, etc) are accepted.\">\n\n\t\t\t\t\t\t<\/div>\n\t\t\t\t\t\t\t\t<div class=\"elementor-field-type-text elementor-field-group elementor-column elementor-field-group-txt_enquirysubject elementor-col-100\">\n\t\t\t\t\t\t\t\t\t\t\t\t<label for=\"form-field-txt_enquirysubject\" class=\"elementor-field-label\">\n\t\t\t\t\t\t\t\tRequest a quote on the subject:\t\t\t\t\t\t\t<\/label>\n\t\t\t\t\t\t\t\t\t\t\t\t\t\t<input size=\"1\" type=\"text\" name=\"form_fields[txt_enquirysubject]\" id=\"form-field-txt_enquirysubject\" class=\"elementor-field elementor-size-sm  elementor-field-textual\" value=\"Demande g\u00e9n\u00e9rale d&#039;information\">\n\t\t\t\t\t\t\t\t\t\t\t<\/div>\n\t\t\t\t\t\t\t\t<div class=\"elementor-field-type-textarea elementor-field-group elementor-column elementor-field-group-txt_enquiry elementor-col-100 elementor-field-required elementor-mark-required\">\n\t\t\t\t\t\t\t\t\t\t\t\t<label for=\"form-field-txt_enquiry\" class=\"elementor-field-label\">\n\t\t\t\t\t\t\t\tInformation \t\t\t\t\t\t\t<\/label>\n\t\t\t\t\t\t<textarea class=\"elementor-field-textual elementor-field  elementor-size-sm\" name=\"form_fields[txt_enquiry]\" id=\"form-field-txt_enquiry\" rows=\"6\" placeholder=\"Request for information\" required=\"required\"><\/textarea>\t\t\t\t<\/div>\n\t\t\t\t\t\t\t\t<div class=\"elementor-field-group elementor-column elementor-field-type-submit elementor-col-30 e-form__buttons\">\n\t\t\t\t\t<button class=\"elementor-button elementor-size-md\" type=\"submit\">\n\t\t\t\t\t\t<span class=\"elementor-button-content-wrapper\">\n\t\t\t\t\t\t\t\t\t\t\t\t\t\t\t\t\t\t\t\t\t\t<span class=\"elementor-button-text\">Send a request<\/span>\n\t\t\t\t\t\t\t\t\t\t\t\t\t<\/span>\n\t\t\t\t\t<\/button>\n\t\t\t\t<\/div>\n\t\t\t<\/div>\n\t\t<input type=\"hidden\" name=\"trp-form-language\" value=\"en\"\/><\/form>\n\t\t\t\t\t\t<\/div>\n\t\t\t\t<\/div>\n\t\t\t\t<div class=\"elementor-element elementor-element-dc329bb elementor-widget elementor-widget-html\" data-id=\"dc329bb\" data-element_type=\"widget\" data-widget_type=\"html.default\">\n\t\t\t\t<div class=\"elementor-widget-container\">\n\t\t\t\t\t<style>\n    select {\n    background-image: none !important;\n    }\n<\/style>\n<script src=\"https:\/\/code.jquery.com\/jquery-3.6.0.min.js\"><\/script>\n<script>\ndocument.addEventListener(\"DOMContentLoaded\", function () {\n    var urlParams = new URLSearchParams(window.location.search);\n    var varQuiryon = urlParams.get('var_quiryon');\n    var enquiryFieldGroups = document.querySelectorAll(\".elementor-field-group-txt_enquirysubject\");\n    var enquiryField = document.getElementById(\"form-field-txt_enquirysubject\");\n\n    enquiryFieldGroups.forEach(function (group) {\n        group.style.display = \"none\";\n    });\n\n    if (varQuiryon) {\n        enquiryFieldGroups.forEach(function (group) {\n            group.style.display = \"block\";\n        });\n\n        if (enquiryField) {\n            enquiryField.value = decodeURIComponent(varQuiryon.replace(\/\\+\/g, ' '));\n            enquiryField.readOnly = true;\n        }\n    }\n});\n<\/script>\n\n\n\t\t\t\t<\/div>\n\t\t\t\t<\/div>\n\t\t\t\t\t<\/div>\n\t\t<\/div>\n\t\t\t\t<div class=\"elementor-column elementor-col-33 elementor-top-column elementor-element elementor-element-ef6f9cc\" data-id=\"ef6f9cc\" data-element_type=\"column\">\n\t\t\t<div class=\"elementor-widget-wrap\">\n\t\t\t\t\t\t\t<\/div>\n\t\t<\/div>\n\t\t\t\t\t<\/div>\n\t\t<\/section>\n\t\t\t\t<\/div>","protected":false},"excerpt":{"rendered":"<p>Nous cr\u00e9ons des voyages sur mesure pour vous Planifiez votre voyage en toute simplicit\u00e9 ! Remplissez le formulaire ci-dessous en indiquant vos pr\u00e9f\u00e9rences et recevez un devis gratuit pour un [&hellip;]<\/p>","protected":false},"author":1,"featured_media":0,"parent":0,"menu_order":0,"comment_status":"closed","ping_status":"closed","template":"","meta":{"_acf_changed":false,"om_disable_all_campaigns":false,"_monsterinsights_skip_tracking":false,"_monsterinsights_sitenote_active":false,"_monsterinsights_sitenote_note":"","_monsterinsights_sitenote_category":0,"_joinchat":[],"footnotes":""},"class_list":["post-846","page","type-page","status-publish","hentry"],"acf":[],"aioseo_notices":[],"_links":{"self":[{"href":"https:\/\/siampanoramic.com\/en\/wp-json\/wp\/v2\/pages\/846","targetHints":{"allow":["GET"]}}],"collection":[{"href":"https:\/\/siampanoramic.com\/en\/wp-json\/wp\/v2\/pages"}],"about":[{"href":"https:\/\/siampanoramic.com\/en\/wp-json\/wp\/v2\/types\/page"}],"author":[{"embeddable":true,"href":"https:\/\/siampanoramic.com\/en\/wp-json\/wp\/v2\/users\/1"}],"replies":[{"embeddable":true,"href":"https:\/\/siampanoramic.com\/en\/wp-json\/wp\/v2\/comments?post=846"}],"version-history":[{"count":143,"href":"https:\/\/siampanoramic.com\/en\/wp-json\/wp\/v2\/pages\/846\/revisions"}],"predecessor-version":[{"id":1353,"href":"https:\/\/siampanoramic.com\/en\/wp-json\/wp\/v2\/pages\/846\/revisions\/1353"}],"wp:attachment":[{"href":"https:\/\/siampanoramic.com\/en\/wp-json\/wp\/v2\/media?parent=846"}],"curies":[{"name":"wp","href":"https:\/\/api.w.org\/{rel}","templated":true}]}}